{"id":1502,"date":"2020-11-06T09:21:59","date_gmt":"2020-11-06T08:21:59","guid":{"rendered":"https:\/\/www.boutique.luceetcompagnie.fr\/?post_type=product&#038;p=1502"},"modified":"2020-11-15T16:49:50","modified_gmt":"2020-11-15T15:49:50","slug":"veste-blazer-kaki-elora","status":"publish","type":"product","link":"https:\/\/www.boutique.luceetcompagnie.fr\/index.php\/produit\/veste-blazer-kaki-elora\/","title":{"rendered":"Veste blazer kaki \u00ab\u00a0Elora\u00a0\u00bb"},"content":{"rendered":"<p>Veste blazer kaki imprim\u00e9e fleur rouille vert bleu \u00ab\u00a0Elora\u00a0\u00bb<\/p>\n<p>Tr\u00e8s bon \u00e9tat<\/p>\n<p>Taille 40<\/p>\n<p>(Article d\u00e9pos\u00e9 \u00e0 la boutique)<\/p>\n","protected":false},"excerpt":{"rendered":"<p>Veste blazer kaki imprim\u00e9e fleur rouille vert bleu \u00ab\u00a0Elora\u00a0\u00bb Tr\u00e8s bon \u00e9tat Taille 40 (Article d\u00e9pos\u00e9 \u00e0 la boutique)<\/p>\n","protected":false},"featured_media":1354,"template":"","meta":{"spay_email":""},"_links":{"self":[{"href":"https:\/\/www.boutique.luceetcompagnie.fr\/index.php\/wp-json\/wp\/v2\/product\/1502"}],"collection":[{"href":"https:\/\/www.boutique.luceetcompagnie.fr\/index.php\/wp-json\/wp\/v2\/product"}],"about":[{"href":"https:\/\/www.boutique.luceetcompagnie.fr\/index.php\/wp-json\/wp\/v2\/types\/product"}],"wp:featuredmedia":[{"embeddable":true,"href":"https:\/\/www.boutique.luceetcompagnie.fr\/index.php\/wp-json\/wp\/v2\/media\/1354"}],"wp:attachment":[{"href":"https:\/\/www.boutique.luceetcompagnie.fr\/index.php\/wp-json\/wp\/v2\/media?parent=1502"}],"curies":[{"name":"wp","href":"https:\/\/api.w.org\/{rel}","templated":true}]}}