{"id":1505,"date":"2020-11-06T09:38:27","date_gmt":"2020-11-06T08:38:27","guid":{"rendered":"https:\/\/www.boutique.luceetcompagnie.fr\/?post_type=product&#038;p=1505"},"modified":"2021-04-02T21:25:44","modified_gmt":"2021-04-02T19:25:44","slug":"veste-perfecto-noir-irise-gris-one-step","status":"publish","type":"product","link":"https:\/\/www.boutique.luceetcompagnie.fr\/index.php\/produit\/veste-perfecto-noir-irise-gris-one-step\/","title":{"rendered":"Veste perfecto noir iris\u00e9 gris \u00ab\u00a0One step\u00a0\u00bb"},"content":{"rendered":"<p>Veste perfecto daim noir iris\u00e9 gris \u00ab\u00a0One step\u00a0\u00bb<\/p>\n<p>D\u00e9cor sequins sur les \u00e9paules\/ zip argent<\/p>\n<p>Tr\u00e8s bon \u00e9tat<\/p>\n<p>Taille 42<\/p>\n<p>(Article d\u00e9pos\u00e9 \u00e0 la boutique)<\/p>\n","protected":false},"excerpt":{"rendered":"<p>Veste perfecto daim noir iris\u00e9 gris \u00ab\u00a0One step\u00a0\u00bb D\u00e9cor sequins sur les \u00e9paules\/ zip argent Tr\u00e8s bon \u00e9tat Taille 42&hellip;<\/p>\n","protected":false},"featured_media":1377,"template":"","meta":{"spay_email":""},"_links":{"self":[{"href":"https:\/\/www.boutique.luceetcompagnie.fr\/index.php\/wp-json\/wp\/v2\/product\/1505"}],"collection":[{"href":"https:\/\/www.boutique.luceetcompagnie.fr\/index.php\/wp-json\/wp\/v2\/product"}],"about":[{"href":"https:\/\/www.boutique.luceetcompagnie.fr\/index.php\/wp-json\/wp\/v2\/types\/product"}],"wp:featuredmedia":[{"embeddable":true,"href":"https:\/\/www.boutique.luceetcompagnie.fr\/index.php\/wp-json\/wp\/v2\/media\/1377"}],"wp:attachment":[{"href":"https:\/\/www.boutique.luceetcompagnie.fr\/index.php\/wp-json\/wp\/v2\/media?parent=1505"}],"curies":[{"name":"wp","href":"https:\/\/api.w.org\/{rel}","templated":true}]}}