{"id":1516,"date":"2020-11-06T10:22:16","date_gmt":"2020-11-06T09:22:16","guid":{"rendered":"https:\/\/www.boutique.luceetcompagnie.fr\/?post_type=product&#038;p=1516"},"modified":"2020-11-15T16:46:31","modified_gmt":"2020-11-15T15:46:31","slug":"boucles-doreilles-asymetriques-kaki","status":"publish","type":"product","link":"https:\/\/www.boutique.luceetcompagnie.fr\/index.php\/produit\/boucles-doreilles-asymetriques-kaki\/","title":{"rendered":"Boucles d&rsquo;oreilles asym\u00e9triques kaki"},"content":{"rendered":"<p>Boucles d&rsquo;oreilles asym\u00e9triques kaki cuivr\u00e9<\/p>\n<p>Fabrication artisanale \u00ab\u00a0Perles and Flo\u00a0\u00bb<\/p>\n<p>Neuve et unique<\/p>\n<p>&nbsp;<\/p>\n","protected":false},"excerpt":{"rendered":"<p>Boucles d&rsquo;oreilles asym\u00e9triques kaki cuivr\u00e9 Fabrication artisanale \u00ab\u00a0Perles and Flo\u00a0\u00bb Neuve et unique &nbsp;<\/p>\n","protected":false},"featured_media":1496,"template":"","meta":{"spay_email":""},"_links":{"self":[{"href":"https:\/\/www.boutique.luceetcompagnie.fr\/index.php\/wp-json\/wp\/v2\/product\/1516"}],"collection":[{"href":"https:\/\/www.boutique.luceetcompagnie.fr\/index.php\/wp-json\/wp\/v2\/product"}],"about":[{"href":"https:\/\/www.boutique.luceetcompagnie.fr\/index.php\/wp-json\/wp\/v2\/types\/product"}],"wp:featuredmedia":[{"embeddable":true,"href":"https:\/\/www.boutique.luceetcompagnie.fr\/index.php\/wp-json\/wp\/v2\/media\/1496"}],"wp:attachment":[{"href":"https:\/\/www.boutique.luceetcompagnie.fr\/index.php\/wp-json\/wp\/v2\/media?parent=1516"}],"curies":[{"name":"wp","href":"https:\/\/api.w.org\/{rel}","templated":true}]}}