{"id":1920,"date":"2020-11-13T16:41:20","date_gmt":"2020-11-13T15:41:20","guid":{"rendered":"https:\/\/www.boutique.luceetcompagnie.fr\/?post_type=product&#038;p=1920"},"modified":"2020-11-13T16:44:00","modified_gmt":"2020-11-13T15:44:00","slug":"sweat-gris-bleu-rouge-jules","status":"publish","type":"product","link":"https:\/\/www.boutique.luceetcompagnie.fr\/index.php\/produit\/sweat-gris-bleu-rouge-jules\/","title":{"rendered":"Sweat gris bleu rouge \u00ab\u00a0Jules\u00a0\u00bb"},"content":{"rendered":"<p>Sweat gris chin\u00e9, manches bleu et col rond rouge \u00ab\u00a0Jules\u00a0\u00bb\u00a0\u00bb<\/p>\n<p>Taille M<\/p>\n<p>99% Cotton<\/p>\n<p>1% Viscose<\/p>\n<p>&nbsp;<\/p>\n<p>Tr\u00e8s bon \u00e9tat<\/p>\n<p>(Article d\u00e9pos\u00e9 \u00e0 la boutique)<\/p>\n","protected":false},"excerpt":{"rendered":"<p>Sweat gris chin\u00e9, manches bleu et col rond rouge \u00ab\u00a0Jules\u00a0\u00bb\u00a0\u00bb Taille M 99% Cotton 1% Viscose &nbsp; Tr\u00e8s bon \u00e9tat&hellip;<\/p>\n","protected":false},"featured_media":1879,"template":"","meta":{"spay_email":""},"_links":{"self":[{"href":"https:\/\/www.boutique.luceetcompagnie.fr\/index.php\/wp-json\/wp\/v2\/product\/1920"}],"collection":[{"href":"https:\/\/www.boutique.luceetcompagnie.fr\/index.php\/wp-json\/wp\/v2\/product"}],"about":[{"href":"https:\/\/www.boutique.luceetcompagnie.fr\/index.php\/wp-json\/wp\/v2\/types\/product"}],"wp:featuredmedia":[{"embeddable":true,"href":"https:\/\/www.boutique.luceetcompagnie.fr\/index.php\/wp-json\/wp\/v2\/media\/1879"}],"wp:attachment":[{"href":"https:\/\/www.boutique.luceetcompagnie.fr\/index.php\/wp-json\/wp\/v2\/media?parent=1920"}],"curies":[{"name":"wp","href":"https:\/\/api.w.org\/{rel}","templated":true}]}}