{"id":1973,"date":"2020-11-15T11:46:00","date_gmt":"2020-11-15T10:46:00","guid":{"rendered":"https:\/\/www.boutique.luceetcompagnie.fr\/?post_type=product&#038;p=1973"},"modified":"2021-04-02T21:07:07","modified_gmt":"2021-04-02T19:07:07","slug":"masque-adulte-bleu-baleine","status":"publish","type":"product","link":"https:\/\/www.boutique.luceetcompagnie.fr\/index.php\/produit\/masque-adulte-bleu-baleine\/","title":{"rendered":"Masque adulte bleu baleine"},"content":{"rendered":"<p>Masque en tissu<\/p>\n<p>Barre de maintien au niveau du nez.<\/p>\n<p>Cordon unique qui passe derri\u00e8re le cou et qui se noue derri\u00e8re la t\u00eate !<\/p>\n<p>Tr\u00e8s confortable et l\u00e9ger<\/p>\n<p><em>Fabrication artisanale<\/em><\/p>\n<p>&nbsp;<\/p>\n<p>&nbsp;<\/p>\n","protected":false},"excerpt":{"rendered":"<p>Masque en tissu Barre de maintien au niveau du nez. Cordon unique qui passe derri\u00e8re le cou et qui se&hellip;<\/p>\n","protected":false},"featured_media":1956,"template":"","meta":{"spay_email":""},"_links":{"self":[{"href":"https:\/\/www.boutique.luceetcompagnie.fr\/index.php\/wp-json\/wp\/v2\/product\/1973"}],"collection":[{"href":"https:\/\/www.boutique.luceetcompagnie.fr\/index.php\/wp-json\/wp\/v2\/product"}],"about":[{"href":"https:\/\/www.boutique.luceetcompagnie.fr\/index.php\/wp-json\/wp\/v2\/types\/product"}],"wp:featuredmedia":[{"embeddable":true,"href":"https:\/\/www.boutique.luceetcompagnie.fr\/index.php\/wp-json\/wp\/v2\/media\/1956"}],"wp:attachment":[{"href":"https:\/\/www.boutique.luceetcompagnie.fr\/index.php\/wp-json\/wp\/v2\/media?parent=1973"}],"curies":[{"name":"wp","href":"https:\/\/api.w.org\/{rel}","templated":true}]}}