{"id":2214,"date":"2021-04-02T15:22:24","date_gmt":"2021-04-02T13:22:24","guid":{"rendered":"https:\/\/www.boutique.luceetcompagnie.fr\/?post_type=product&#038;p=2214"},"modified":"2021-04-02T15:25:46","modified_gmt":"2021-04-02T13:25:46","slug":"chemise-tunique-col-mao","status":"publish","type":"product","link":"https:\/\/www.boutique.luceetcompagnie.fr\/index.php\/produit\/chemise-tunique-col-mao\/","title":{"rendered":"Chemise tunique col mao"},"content":{"rendered":"<p>Chemise tunique , fluide, bordeaux rayures oranges et blanches<\/p>\n<p>Manches longues<\/p>\n<p>\u00ab\u00a0Cama\u00efeu\u00a0\u00bb Taille 38\/40<\/p>\n<p>(Article d\u00e9pos\u00e9 \u00e0 la boutique)<\/p>\n","protected":false},"excerpt":{"rendered":"<p>Chemise tunique , fluide, bordeaux rayures oranges et blanches Manches longues \u00ab\u00a0Cama\u00efeu\u00a0\u00bb Taille 38\/40 (Article d\u00e9pos\u00e9 \u00e0 la boutique)<\/p>\n","protected":false},"featured_media":2215,"template":"","meta":{"spay_email":""},"_links":{"self":[{"href":"https:\/\/www.boutique.luceetcompagnie.fr\/index.php\/wp-json\/wp\/v2\/product\/2214"}],"collection":[{"href":"https:\/\/www.boutique.luceetcompagnie.fr\/index.php\/wp-json\/wp\/v2\/product"}],"about":[{"href":"https:\/\/www.boutique.luceetcompagnie.fr\/index.php\/wp-json\/wp\/v2\/types\/product"}],"wp:featuredmedia":[{"embeddable":true,"href":"https:\/\/www.boutique.luceetcompagnie.fr\/index.php\/wp-json\/wp\/v2\/media\/2215"}],"wp:attachment":[{"href":"https:\/\/www.boutique.luceetcompagnie.fr\/index.php\/wp-json\/wp\/v2\/media?parent=2214"}],"curies":[{"name":"wp","href":"https:\/\/api.w.org\/{rel}","templated":true}]}}