{"id":2219,"date":"2021-04-02T15:27:42","date_gmt":"2021-04-02T13:27:42","guid":{"rendered":"https:\/\/www.boutique.luceetcompagnie.fr\/?post_type=product&#038;p=2219"},"modified":"2021-04-02T15:31:27","modified_gmt":"2021-04-02T13:31:27","slug":"veste-impermeable-cecil","status":"publish","type":"product","link":"https:\/\/www.boutique.luceetcompagnie.fr\/index.php\/produit\/veste-impermeable-cecil\/","title":{"rendered":"Veste imperm\u00e9able \u00ab\u00a0Cecil\u00a0\u00bb"},"content":{"rendered":"<p>Veste imperm\u00e9able, coupe vent avec capuche<\/p>\n<p>Cordon \u00e0 la taille. Rose fluo, bouton noir<\/p>\n<p>Tr\u00e8s bon \u00e9tat \/\/ Marque \u00ab\u00a0Cecil\u00a0\u00bb \/\/ Taille 36<\/p>\n<p>54%Cotton 46%Polyalide<\/p>\n<p>(Article d\u00e9pos\u00e9 \u00e0 la boutique)<\/p>\n","protected":false},"excerpt":{"rendered":"<p>Veste imperm\u00e9able, coupe vent avec capuche Cordon \u00e0 la taille. Rose fluo, bouton noir Tr\u00e8s bon \u00e9tat \/\/ Marque \u00ab\u00a0Cecil\u00a0\u00bb&hellip;<\/p>\n","protected":false},"featured_media":2216,"template":"","meta":{"spay_email":""},"_links":{"self":[{"href":"https:\/\/www.boutique.luceetcompagnie.fr\/index.php\/wp-json\/wp\/v2\/product\/2219"}],"collection":[{"href":"https:\/\/www.boutique.luceetcompagnie.fr\/index.php\/wp-json\/wp\/v2\/product"}],"about":[{"href":"https:\/\/www.boutique.luceetcompagnie.fr\/index.php\/wp-json\/wp\/v2\/types\/product"}],"wp:featuredmedia":[{"embeddable":true,"href":"https:\/\/www.boutique.luceetcompagnie.fr\/index.php\/wp-json\/wp\/v2\/media\/2216"}],"wp:attachment":[{"href":"https:\/\/www.boutique.luceetcompagnie.fr\/index.php\/wp-json\/wp\/v2\/media?parent=2219"}],"curies":[{"name":"wp","href":"https:\/\/api.w.org\/{rel}","templated":true}]}}