{"id":2231,"date":"2021-04-02T17:58:04","date_gmt":"2021-04-02T15:58:04","guid":{"rendered":"https:\/\/www.boutique.luceetcompagnie.fr\/?post_type=product&#038;p=2231"},"modified":"2021-04-02T18:01:25","modified_gmt":"2021-04-02T16:01:25","slug":"veste-jeans-lee","status":"publish","type":"product","link":"https:\/\/www.boutique.luceetcompagnie.fr\/index.php\/produit\/veste-jeans-lee\/","title":{"rendered":"Veste jeans \u00ab\u00a0Lee\u00a0\u00bb"},"content":{"rendered":"<p>Veste jeans bleu ciel d\u00e9lav\u00e9e<\/p>\n<p>Droite fluide \u00ab\u00a0Lee\u00a0\u00bb \/ Col rond<\/p>\n<p>Article neuf \/ Taille 36\/38<\/p>\n<p>(Article d\u00e9pos\u00e9 \u00e0 la boutique)<\/p>\n","protected":false},"excerpt":{"rendered":"<p>Veste jeans bleu ciel d\u00e9lav\u00e9e Droite fluide \u00ab\u00a0Lee\u00a0\u00bb \/ Col rond Article neuf \/ Taille 36\/38 (Article d\u00e9pos\u00e9 \u00e0 la&hellip;<\/p>\n","protected":false},"featured_media":2227,"template":"","meta":{"spay_email":""},"_links":{"self":[{"href":"https:\/\/www.boutique.luceetcompagnie.fr\/index.php\/wp-json\/wp\/v2\/product\/2231"}],"collection":[{"href":"https:\/\/www.boutique.luceetcompagnie.fr\/index.php\/wp-json\/wp\/v2\/product"}],"about":[{"href":"https:\/\/www.boutique.luceetcompagnie.fr\/index.php\/wp-json\/wp\/v2\/types\/product"}],"wp:featuredmedia":[{"embeddable":true,"href":"https:\/\/www.boutique.luceetcompagnie.fr\/index.php\/wp-json\/wp\/v2\/media\/2227"}],"wp:attachment":[{"href":"https:\/\/www.boutique.luceetcompagnie.fr\/index.php\/wp-json\/wp\/v2\/media?parent=2231"}],"curies":[{"name":"wp","href":"https:\/\/api.w.org\/{rel}","templated":true}]}}