{"id":2234,"date":"2021-04-02T20:20:28","date_gmt":"2021-04-02T18:20:28","guid":{"rendered":"https:\/\/www.boutique.luceetcompagnie.fr\/?post_type=product&#038;p=2234"},"modified":"2021-04-02T20:29:09","modified_gmt":"2021-04-02T18:29:09","slug":"perfecto-daim-rouge","status":"publish","type":"product","link":"https:\/\/www.boutique.luceetcompagnie.fr\/index.php\/produit\/perfecto-daim-rouge\/","title":{"rendered":"Perfecto daim rouge"},"content":{"rendered":"<p>Perfecto daim rouge uni \u00ab\u00a0Cama\u00efeu\u00a0\u00bb<\/p>\n<p>Tr\u00e8s bon \u00e9tat \/ Taille 40<\/p>\n<p>100% Polyester<\/p>\n<p>(Article d\u00e9pos\u00e9 \u00e0 la boutique)<\/p>\n","protected":false},"excerpt":{"rendered":"<p>Perfecto daim rouge uni \u00ab\u00a0Cama\u00efeu\u00a0\u00bb Tr\u00e8s bon \u00e9tat \/ Taille 40 100% Polyester (Article d\u00e9pos\u00e9 \u00e0 la boutique)<\/p>\n","protected":false},"featured_media":2235,"template":"","meta":{"spay_email":""},"_links":{"self":[{"href":"https:\/\/www.boutique.luceetcompagnie.fr\/index.php\/wp-json\/wp\/v2\/product\/2234"}],"collection":[{"href":"https:\/\/www.boutique.luceetcompagnie.fr\/index.php\/wp-json\/wp\/v2\/product"}],"about":[{"href":"https:\/\/www.boutique.luceetcompagnie.fr\/index.php\/wp-json\/wp\/v2\/types\/product"}],"wp:featuredmedia":[{"embeddable":true,"href":"https:\/\/www.boutique.luceetcompagnie.fr\/index.php\/wp-json\/wp\/v2\/media\/2235"}],"wp:attachment":[{"href":"https:\/\/www.boutique.luceetcompagnie.fr\/index.php\/wp-json\/wp\/v2\/media?parent=2234"}],"curies":[{"name":"wp","href":"https:\/\/api.w.org\/{rel}","templated":true}]}}