{"id":2292,"date":"2021-04-02T20:41:04","date_gmt":"2021-04-02T18:41:04","guid":{"rendered":"https:\/\/www.boutique.luceetcompagnie.fr\/?post_type=product&#038;p=2292"},"modified":"2021-04-02T20:45:30","modified_gmt":"2021-04-02T18:45:30","slug":"veste-blazer-bleu-nuit-pois-blanc","status":"publish","type":"product","link":"https:\/\/www.boutique.luceetcompagnie.fr\/index.php\/produit\/veste-blazer-bleu-nuit-pois-blanc\/","title":{"rendered":"Veste blazer bleu nuit pois blanc"},"content":{"rendered":"<p>Veste blazer bleu nuit petit pois blanc<\/p>\n<p>Souple \u00ab\u00a0Quinze heures trente\u00a0\u00bb<\/p>\n<p>Tr\u00e8s bon \u00e9tat \/ Taille 36\/38<\/p>\n<p>(Article d\u00e9pos\u00e9 \u00e0 la boutique)<\/p>\n","protected":false},"excerpt":{"rendered":"<p>Veste blazer bleu nuit petit pois blanc Souple \u00ab\u00a0Quinze heures trente\u00a0\u00bb Tr\u00e8s bon \u00e9tat \/ Taille 36\/38 (Article d\u00e9pos\u00e9 \u00e0&hellip;<\/p>\n","protected":false},"featured_media":2256,"template":"","meta":{"spay_email":""},"_links":{"self":[{"href":"https:\/\/www.boutique.luceetcompagnie.fr\/index.php\/wp-json\/wp\/v2\/product\/2292"}],"collection":[{"href":"https:\/\/www.boutique.luceetcompagnie.fr\/index.php\/wp-json\/wp\/v2\/product"}],"about":[{"href":"https:\/\/www.boutique.luceetcompagnie.fr\/index.php\/wp-json\/wp\/v2\/types\/product"}],"wp:featuredmedia":[{"embeddable":true,"href":"https:\/\/www.boutique.luceetcompagnie.fr\/index.php\/wp-json\/wp\/v2\/media\/2256"}],"wp:attachment":[{"href":"https:\/\/www.boutique.luceetcompagnie.fr\/index.php\/wp-json\/wp\/v2\/media?parent=2292"}],"curies":[{"name":"wp","href":"https:\/\/api.w.org\/{rel}","templated":true}]}}