{"id":2328,"date":"2021-04-02T20:47:53","date_gmt":"2021-04-02T18:47:53","guid":{"rendered":"https:\/\/www.boutique.luceetcompagnie.fr\/?post_type=product&#038;p=2328"},"modified":"2021-04-02T20:54:15","modified_gmt":"2021-04-02T18:54:15","slug":"baskets-vernis-gris-puma","status":"publish","type":"product","link":"https:\/\/www.boutique.luceetcompagnie.fr\/index.php\/produit\/baskets-vernis-gris-puma\/","title":{"rendered":"Baskets vernis gris \u00ab\u00a0Puma\u00a0\u00bb"},"content":{"rendered":"<div class=\"\" dir=\"auto\">\n<div id=\"jsc_c_jp\" class=\"ecm0bbzt hv4rvrfc ihqw7lf3 dati1w0a\" data-ad-comet-preview=\"message\" data-ad-preview=\"message\">\n<div class=\"j83agx80 cbu4d94t ew0dbk1b irj2b8pg\">\n<div class=\"qzhwtbm6 knvmm38d\">\n<div class=\"kvgmc6g5 cxmmr5t8 oygrvhab hcukyx3x c1et5uql ii04i59q\">\n<div dir=\"auto\">\n<div class=\"\" dir=\"auto\">\n<div id=\"jsc_c_kr\" class=\"ecm0bbzt hv4rvrfc ihqw7lf3 dati1w0a\" data-ad-comet-preview=\"message\" data-ad-preview=\"message\">\n<div class=\"j83agx80 cbu4d94t ew0dbk1b irj2b8pg\">\n<div class=\"qzhwtbm6 knvmm38d\">\n<div class=\"kvgmc6g5 cxmmr5t8 oygrvhab hcukyx3x c1et5uql ii04i59q\">\n<div dir=\"auto\">Baskets vernis gris souris \u00ab\u00a0Puma\u00a0\u00bb<\/div>\n<div dir=\"auto\">Lacets larges<\/div>\n<div dir=\"auto\">Pointure 41 (taille grand)<\/div>\n<\/div>\n<\/div>\n<\/div>\n<\/div>\n<\/div>\n<\/div>\n<div dir=\"auto\">Neuves avec la boite, et les lacets rubans<\/div>\n<\/div>\n<div class=\"kvgmc6g5 cxmmr5t8 oygrvhab hcukyx3x c1et5uql ii04i59q\">\n<div dir=\"auto\"><\/div>\n<\/div>\n<\/div>\n<\/div>\n<\/div>\n<\/div>\n<p>(Article d\u00e9pos\u00e9 \u00e0 la boutique)<\/p>\n","protected":false},"excerpt":{"rendered":"<p>Baskets vernis gris souris \u00ab\u00a0Puma\u00a0\u00bb Lacets larges Pointure 41 (taille grand) Neuves avec la boite, et les lacets rubans (Article&hellip;<\/p>\n","protected":false},"featured_media":2349,"template":"","meta":{"spay_email":""},"_links":{"self":[{"href":"https:\/\/www.boutique.luceetcompagnie.fr\/index.php\/wp-json\/wp\/v2\/product\/2328"}],"collection":[{"href":"https:\/\/www.boutique.luceetcompagnie.fr\/index.php\/wp-json\/wp\/v2\/product"}],"about":[{"href":"https:\/\/www.boutique.luceetcompagnie.fr\/index.php\/wp-json\/wp\/v2\/types\/product"}],"wp:featuredmedia":[{"embeddable":true,"href":"https:\/\/www.boutique.luceetcompagnie.fr\/index.php\/wp-json\/wp\/v2\/media\/2349"}],"wp:attachment":[{"href":"https:\/\/www.boutique.luceetcompagnie.fr\/index.php\/wp-json\/wp\/v2\/media?parent=2328"}],"curies":[{"name":"wp","href":"https:\/\/api.w.org\/{rel}","templated":true}]}}