{"id":2405,"date":"2021-04-02T22:45:15","date_gmt":"2021-04-02T20:45:15","guid":{"rendered":"https:\/\/www.boutique.luceetcompagnie.fr\/?post_type=product&#038;p=2405"},"modified":"2021-04-02T22:50:12","modified_gmt":"2021-04-02T20:50:12","slug":"veste-trench-miss-captain","status":"publish","type":"product","link":"https:\/\/www.boutique.luceetcompagnie.fr\/index.php\/produit\/veste-trench-miss-captain\/","title":{"rendered":"Veste trench \u00ab\u00a0Miss Captain\u00a0\u00bb"},"content":{"rendered":"<p>Veste imperm\u00e9able, trench, coupe vent<\/p>\n<p>Beige + voilage gris amovible<\/p>\n<p>Neuve avec \u00e9tiquette (Fin de collection)<\/p>\n<p>\u00ab\u00a0Miss Captain\u00a0\u00bb taille 40<\/p>\n<p>37\u20ac90 valeur neuve 119\u20ac<\/p>\n<p>&nbsp;<\/p>\n<p>(Article d\u00e9pos\u00e9 \u00e0 la boutique)<\/p>\n","protected":false},"excerpt":{"rendered":"<p>Veste imperm\u00e9able, trench, coupe vent Beige + voilage gris amovible Neuve avec \u00e9tiquette (Fin de collection) \u00ab\u00a0Miss Captain\u00a0\u00bb taille 40&hellip;<\/p>\n","protected":false},"featured_media":2399,"template":"","meta":{"spay_email":""},"_links":{"self":[{"href":"https:\/\/www.boutique.luceetcompagnie.fr\/index.php\/wp-json\/wp\/v2\/product\/2405"}],"collection":[{"href":"https:\/\/www.boutique.luceetcompagnie.fr\/index.php\/wp-json\/wp\/v2\/product"}],"about":[{"href":"https:\/\/www.boutique.luceetcompagnie.fr\/index.php\/wp-json\/wp\/v2\/types\/product"}],"wp:featuredmedia":[{"embeddable":true,"href":"https:\/\/www.boutique.luceetcompagnie.fr\/index.php\/wp-json\/wp\/v2\/media\/2399"}],"wp:attachment":[{"href":"https:\/\/www.boutique.luceetcompagnie.fr\/index.php\/wp-json\/wp\/v2\/media?parent=2405"}],"curies":[{"name":"wp","href":"https:\/\/api.w.org\/{rel}","templated":true}]}}