{"id":2406,"date":"2021-04-02T22:54:12","date_gmt":"2021-04-02T20:54:12","guid":{"rendered":"https:\/\/www.boutique.luceetcompagnie.fr\/?post_type=product&#038;p=2406"},"modified":"2021-04-02T23:00:42","modified_gmt":"2021-04-02T21:00:42","slug":"t-shirt-satine-beige-lili-lola","status":"publish","type":"product","link":"https:\/\/www.boutique.luceetcompagnie.fr\/index.php\/produit\/t-shirt-satine-beige-lili-lola\/","title":{"rendered":"T-shirt satin\u00e9 beige \u00ab\u00a0Lili &#038; Lola\u00a0\u00bb"},"content":{"rendered":"<p>T-shirt manches courtes.<\/p>\n<p>Satin\u00e9 beige, imprim\u00e9 fleurie japonais, volants dentelle<\/p>\n<p>Col v \/\/ De la marque \u00ab\u00a0Lili &amp; Lola\u00a0\u00bb<\/p>\n<p>\u00ab\u00a0Cama\u00efeu\u00a0\u00bb Taille 38\/40<\/p>\n<p>(Article d\u00e9pos\u00e9 \u00e0 la boutique)<\/p>\n","protected":false},"excerpt":{"rendered":"<p>T-shirt manches courtes. Satin\u00e9 beige, imprim\u00e9 fleurie japonais, volants dentelle Col v \/\/ De la marque \u00ab\u00a0Lili &amp; Lola\u00a0\u00bb \u00ab\u00a0Cama\u00efeu\u00a0\u00bb&hellip;<\/p>\n","protected":false},"featured_media":2217,"template":"","meta":{"spay_email":""},"_links":{"self":[{"href":"https:\/\/www.boutique.luceetcompagnie.fr\/index.php\/wp-json\/wp\/v2\/product\/2406"}],"collection":[{"href":"https:\/\/www.boutique.luceetcompagnie.fr\/index.php\/wp-json\/wp\/v2\/product"}],"about":[{"href":"https:\/\/www.boutique.luceetcompagnie.fr\/index.php\/wp-json\/wp\/v2\/types\/product"}],"wp:featuredmedia":[{"embeddable":true,"href":"https:\/\/www.boutique.luceetcompagnie.fr\/index.php\/wp-json\/wp\/v2\/media\/2217"}],"wp:attachment":[{"href":"https:\/\/www.boutique.luceetcompagnie.fr\/index.php\/wp-json\/wp\/v2\/media?parent=2406"}],"curies":[{"name":"wp","href":"https:\/\/api.w.org\/{rel}","templated":true}]}}