{"id":2497,"date":"2021-04-04T21:49:40","date_gmt":"2021-04-04T19:49:40","guid":{"rendered":"https:\/\/www.boutique.luceetcompagnie.fr\/?post_type=product&#038;p=2497"},"modified":"2021-04-04T21:51:20","modified_gmt":"2021-04-04T19:51:20","slug":"foulard-rose-pastel-dore","status":"publish","type":"product","link":"https:\/\/www.boutique.luceetcompagnie.fr\/index.php\/produit\/foulard-rose-pastel-dore\/","title":{"rendered":"Foulard rose pastel dor\u00e9"},"content":{"rendered":"<p>Foulard rose pastel, uni, imprim\u00e9 \u00e9ventails dor\u00e9s<\/p>\n<p>Fluide, doux et agr\u00e9able !<\/p>\n","protected":false},"excerpt":{"rendered":"<p>Foulard rose pastel, uni, imprim\u00e9 \u00e9ventails dor\u00e9s Fluide, doux et agr\u00e9able !<\/p>\n","protected":false},"featured_media":2456,"template":"","meta":{"spay_email":""},"_links":{"self":[{"href":"https:\/\/www.boutique.luceetcompagnie.fr\/index.php\/wp-json\/wp\/v2\/product\/2497"}],"collection":[{"href":"https:\/\/www.boutique.luceetcompagnie.fr\/index.php\/wp-json\/wp\/v2\/product"}],"about":[{"href":"https:\/\/www.boutique.luceetcompagnie.fr\/index.php\/wp-json\/wp\/v2\/types\/product"}],"wp:featuredmedia":[{"embeddable":true,"href":"https:\/\/www.boutique.luceetcompagnie.fr\/index.php\/wp-json\/wp\/v2\/media\/2456"}],"wp:attachment":[{"href":"https:\/\/www.boutique.luceetcompagnie.fr\/index.php\/wp-json\/wp\/v2\/media?parent=2497"}],"curies":[{"name":"wp","href":"https:\/\/api.w.org\/{rel}","templated":true}]}}