{"id":2502,"date":"2021-04-04T21:59:25","date_gmt":"2021-04-04T19:59:25","guid":{"rendered":"https:\/\/www.boutique.luceetcompagnie.fr\/?post_type=product&#038;p=2502"},"modified":"2021-04-04T22:01:21","modified_gmt":"2021-04-04T20:01:21","slug":"foulard-bleu-ciel-retro-turquoise","status":"publish","type":"product","link":"https:\/\/www.boutique.luceetcompagnie.fr\/index.php\/produit\/foulard-bleu-ciel-retro-turquoise\/","title":{"rendered":"Foulard bleu ciel r\u00e9tro turquoise"},"content":{"rendered":"<p>Foulard bleu ciel imprim\u00e9 r\u00e9tro turquoise,taupe + pompons<\/p>\n<p>Fluide, doux et agr\u00e9able !<\/p>\n","protected":false},"excerpt":{"rendered":"<p>Foulard bleu ciel imprim\u00e9 r\u00e9tro turquoise,taupe + pompons Fluide, doux et agr\u00e9able !<\/p>\n","protected":false},"featured_media":2472,"template":"","meta":{"spay_email":""},"_links":{"self":[{"href":"https:\/\/www.boutique.luceetcompagnie.fr\/index.php\/wp-json\/wp\/v2\/product\/2502"}],"collection":[{"href":"https:\/\/www.boutique.luceetcompagnie.fr\/index.php\/wp-json\/wp\/v2\/product"}],"about":[{"href":"https:\/\/www.boutique.luceetcompagnie.fr\/index.php\/wp-json\/wp\/v2\/types\/product"}],"wp:featuredmedia":[{"embeddable":true,"href":"https:\/\/www.boutique.luceetcompagnie.fr\/index.php\/wp-json\/wp\/v2\/media\/2472"}],"wp:attachment":[{"href":"https:\/\/www.boutique.luceetcompagnie.fr\/index.php\/wp-json\/wp\/v2\/media?parent=2502"}],"curies":[{"name":"wp","href":"https:\/\/api.w.org\/{rel}","templated":true}]}}