{"id":252,"date":"2020-10-30T17:07:24","date_gmt":"2020-10-30T16:07:24","guid":{"rendered":"https:\/\/www.boutique.luceetcompagnie.fr\/?post_type=product&#038;p=252"},"modified":"2020-11-04T23:36:20","modified_gmt":"2020-11-04T22:36:20","slug":"sac-a-main-cube","status":"publish","type":"product","link":"https:\/\/www.boutique.luceetcompagnie.fr\/index.php\/produit\/sac-a-main-cube\/","title":{"rendered":"Sac \u00e0 main cube"},"content":{"rendered":"<p>Petit format<\/p>\n<p>Simili cuir beige rose bleu pastel<\/p>\n<p>Neuf<\/p>\n<p>(Article d\u00e9pos\u00e9 \u00e0 la boutique)<\/p>\n","protected":false},"excerpt":{"rendered":"<p>Petit format Simili cuir beige rose bleu pastel Neuf (Article d\u00e9pos\u00e9 \u00e0 la boutique)<\/p>\n","protected":false},"featured_media":248,"template":"","meta":{"spay_email":""},"_links":{"self":[{"href":"https:\/\/www.boutique.luceetcompagnie.fr\/index.php\/wp-json\/wp\/v2\/product\/252"}],"collection":[{"href":"https:\/\/www.boutique.luceetcompagnie.fr\/index.php\/wp-json\/wp\/v2\/product"}],"about":[{"href":"https:\/\/www.boutique.luceetcompagnie.fr\/index.php\/wp-json\/wp\/v2\/types\/product"}],"wp:featuredmedia":[{"embeddable":true,"href":"https:\/\/www.boutique.luceetcompagnie.fr\/index.php\/wp-json\/wp\/v2\/media\/248"}],"wp:attachment":[{"href":"https:\/\/www.boutique.luceetcompagnie.fr\/index.php\/wp-json\/wp\/v2\/media?parent=252"}],"curies":[{"name":"wp","href":"https:\/\/api.w.org\/{rel}","templated":true}]}}