{"id":255,"date":"2020-10-30T17:21:46","date_gmt":"2020-10-30T16:21:46","guid":{"rendered":"https:\/\/www.boutique.luceetcompagnie.fr\/?post_type=product&#038;p=255"},"modified":"2020-11-04T23:35:26","modified_gmt":"2020-11-04T22:35:26","slug":"sac-a-dos-david-jones","status":"publish","type":"product","link":"https:\/\/www.boutique.luceetcompagnie.fr\/index.php\/produit\/sac-a-dos-david-jones\/","title":{"rendered":"Sac \u00e0 dos David Jones"},"content":{"rendered":"<p>Beige uni bis mati\u00e8re d\u00e9coration pompons \u00ab\u00a0David Jones\u00a0\u00bb<\/p>\n<p>Beaucoup de rangement int\u00e9rieur \/ 2 poches ext\u00e9rieur<\/p>\n<p>Simili \/ imitation daim<\/p>\n<p>(Article d\u00e9pos\u00e9 \u00e0 la boutique)<\/p>\n<p>&nbsp;<\/p>\n","protected":false},"excerpt":{"rendered":"<p>Beige uni bis mati\u00e8re d\u00e9coration pompons \u00ab\u00a0David Jones\u00a0\u00bb Beaucoup de rangement int\u00e9rieur \/ 2 poches ext\u00e9rieur Simili \/ imitation daim&hellip;<\/p>\n","protected":false},"featured_media":236,"template":"","meta":{"spay_email":""},"_links":{"self":[{"href":"https:\/\/www.boutique.luceetcompagnie.fr\/index.php\/wp-json\/wp\/v2\/product\/255"}],"collection":[{"href":"https:\/\/www.boutique.luceetcompagnie.fr\/index.php\/wp-json\/wp\/v2\/product"}],"about":[{"href":"https:\/\/www.boutique.luceetcompagnie.fr\/index.php\/wp-json\/wp\/v2\/types\/product"}],"wp:featuredmedia":[{"embeddable":true,"href":"https:\/\/www.boutique.luceetcompagnie.fr\/index.php\/wp-json\/wp\/v2\/media\/236"}],"wp:attachment":[{"href":"https:\/\/www.boutique.luceetcompagnie.fr\/index.php\/wp-json\/wp\/v2\/media?parent=255"}],"curies":[{"name":"wp","href":"https:\/\/api.w.org\/{rel}","templated":true}]}}