{"id":2572,"date":"2021-04-16T21:34:27","date_gmt":"2021-04-16T19:34:27","guid":{"rendered":"https:\/\/www.boutique.luceetcompagnie.fr\/?post_type=product&#038;p=2572"},"modified":"2021-04-16T21:37:43","modified_gmt":"2021-04-16T19:37:43","slug":"t-shirt-satine-moutarde","status":"publish","type":"product","link":"https:\/\/www.boutique.luceetcompagnie.fr\/index.php\/produit\/t-shirt-satine-moutarde\/","title":{"rendered":"T-shirt satin\u00e9 moutarde"},"content":{"rendered":"<p>T-shirt manches courtes.<\/p>\n<p>Satin\u00e9 jaune moutarde<\/p>\n<p>Col v\u00a0 \/\/ \u00ab\u00a0Promod\u00a0\u00bb<\/p>\n<p>Taille 44<\/p>\n<p>(Article d\u00e9pos\u00e9 \u00e0 la boutique)<\/p>\n","protected":false},"excerpt":{"rendered":"<p>T-shirt manches courtes. Satin\u00e9 jaune moutarde Col v\u00a0 \/\/ \u00ab\u00a0Promod\u00a0\u00bb Taille 44 (Article d\u00e9pos\u00e9 \u00e0 la boutique)<\/p>\n","protected":false},"featured_media":2573,"template":"","meta":{"spay_email":""},"_links":{"self":[{"href":"https:\/\/www.boutique.luceetcompagnie.fr\/index.php\/wp-json\/wp\/v2\/product\/2572"}],"collection":[{"href":"https:\/\/www.boutique.luceetcompagnie.fr\/index.php\/wp-json\/wp\/v2\/product"}],"about":[{"href":"https:\/\/www.boutique.luceetcompagnie.fr\/index.php\/wp-json\/wp\/v2\/types\/product"}],"wp:featuredmedia":[{"embeddable":true,"href":"https:\/\/www.boutique.luceetcompagnie.fr\/index.php\/wp-json\/wp\/v2\/media\/2573"}],"wp:attachment":[{"href":"https:\/\/www.boutique.luceetcompagnie.fr\/index.php\/wp-json\/wp\/v2\/media?parent=2572"}],"curies":[{"name":"wp","href":"https:\/\/api.w.org\/{rel}","templated":true}]}}