{"id":380,"date":"2020-10-30T22:52:01","date_gmt":"2020-10-30T21:52:01","guid":{"rendered":"https:\/\/www.boutique.luceetcompagnie.fr\/?post_type=product&#038;p=380"},"modified":"2020-11-06T16:59:42","modified_gmt":"2020-11-06T15:59:42","slug":"boucles-doreilles-ecaille-gris-lune-doree","status":"publish","type":"product","link":"https:\/\/www.boutique.luceetcompagnie.fr\/index.php\/produit\/boucles-doreilles-ecaille-gris-lune-doree\/","title":{"rendered":"Boucles d\u2019oreilles \u00e9caille gris lune dor\u00e9e"},"content":{"rendered":"<p>Boucles d\u2019oreilles disque \u00e9caille gris d\u00e9cor lune dor\u00e9e<\/p>\n<p>Fabrication artisanale \u00ab\u00a0Perles and Flo\u00a0\u00bb<\/p>\n<p>Neuve et unique<\/p>\n<p>Laiton dor\u00e9 \/ r\u00e9sine \u00e9poxy<\/p>\n","protected":false},"excerpt":{"rendered":"<p>Boucles d\u2019oreilles disque \u00e9caille gris d\u00e9cor lune dor\u00e9e Fabrication artisanale \u00ab\u00a0Perles and Flo\u00a0\u00bb Neuve et unique Laiton dor\u00e9 \/ r\u00e9sine&hellip;<\/p>\n","protected":false},"featured_media":357,"template":"","meta":{"spay_email":""},"_links":{"self":[{"href":"https:\/\/www.boutique.luceetcompagnie.fr\/index.php\/wp-json\/wp\/v2\/product\/380"}],"collection":[{"href":"https:\/\/www.boutique.luceetcompagnie.fr\/index.php\/wp-json\/wp\/v2\/product"}],"about":[{"href":"https:\/\/www.boutique.luceetcompagnie.fr\/index.php\/wp-json\/wp\/v2\/types\/product"}],"wp:featuredmedia":[{"embeddable":true,"href":"https:\/\/www.boutique.luceetcompagnie.fr\/index.php\/wp-json\/wp\/v2\/media\/357"}],"wp:attachment":[{"href":"https:\/\/www.boutique.luceetcompagnie.fr\/index.php\/wp-json\/wp\/v2\/media?parent=380"}],"curies":[{"name":"wp","href":"https:\/\/api.w.org\/{rel}","templated":true}]}}