{"id":386,"date":"2020-10-30T23:09:36","date_gmt":"2020-10-30T22:09:36","guid":{"rendered":"https:\/\/www.boutique.luceetcompagnie.fr\/?post_type=product&#038;p=386"},"modified":"2020-11-09T09:07:17","modified_gmt":"2020-11-09T08:07:17","slug":"boucles-doreilles-creoles-doree-violet","status":"publish","type":"product","link":"https:\/\/www.boutique.luceetcompagnie.fr\/index.php\/produit\/boucles-doreilles-creoles-doree-violet\/","title":{"rendered":"Boucles d\u2019oreilles cr\u00e9oles dor\u00e9e violet"},"content":{"rendered":"<p>Boucles d\u2019oreilles cr\u00e9oles d\u00e9cor dor\u00e9 disque violet<\/p>\n<p>Fabrication artisanale \u00ab\u00a0Perles and Flo\u00a0\u00bb<\/p>\n<p>Neuve et unique<\/p>\n<p>Laiton dor\u00e9<\/p>\n","protected":false},"excerpt":{"rendered":"<p>Boucles d\u2019oreilles cr\u00e9oles d\u00e9cor dor\u00e9 disque violet Fabrication artisanale \u00ab\u00a0Perles and Flo\u00a0\u00bb Neuve et unique Laiton dor\u00e9<\/p>\n","protected":false},"featured_media":350,"template":"","meta":{"spay_email":""},"_links":{"self":[{"href":"https:\/\/www.boutique.luceetcompagnie.fr\/index.php\/wp-json\/wp\/v2\/product\/386"}],"collection":[{"href":"https:\/\/www.boutique.luceetcompagnie.fr\/index.php\/wp-json\/wp\/v2\/product"}],"about":[{"href":"https:\/\/www.boutique.luceetcompagnie.fr\/index.php\/wp-json\/wp\/v2\/types\/product"}],"wp:featuredmedia":[{"embeddable":true,"href":"https:\/\/www.boutique.luceetcompagnie.fr\/index.php\/wp-json\/wp\/v2\/media\/350"}],"wp:attachment":[{"href":"https:\/\/www.boutique.luceetcompagnie.fr\/index.php\/wp-json\/wp\/v2\/media?parent=386"}],"curies":[{"name":"wp","href":"https:\/\/api.w.org\/{rel}","templated":true}]}}