{"id":388,"date":"2020-10-30T23:15:03","date_gmt":"2020-10-30T22:15:03","guid":{"rendered":"https:\/\/www.boutique.luceetcompagnie.fr\/?post_type=product&#038;p=388"},"modified":"2020-11-06T16:51:01","modified_gmt":"2020-11-06T15:51:01","slug":"boucles-doreilles-creoles-ecaille-bleu-nuit","status":"publish","type":"product","link":"https:\/\/www.boutique.luceetcompagnie.fr\/index.php\/produit\/boucles-doreilles-creoles-ecaille-bleu-nuit\/","title":{"rendered":"Boucles d\u2019oreilles cr\u00e9oles \u00e9caille bleu nuit"},"content":{"rendered":"<p>Boucles d\u2019oreilles cr\u00e9oles \u00e9caille bleu nuit triangle dor\u00e9<\/p>\n<p>Fabrication artisanale \u00ab\u00a0Perles and Flo\u00a0\u00bb<\/p>\n<p>Neuve et unique<\/p>\n<p>Laiton dor\u00e9 \/ r\u00e9sine \u00e9poxy<\/p>\n","protected":false},"excerpt":{"rendered":"<p>Boucles d\u2019oreilles cr\u00e9oles \u00e9caille bleu nuit triangle dor\u00e9 Fabrication artisanale \u00ab\u00a0Perles and Flo\u00a0\u00bb Neuve et unique Laiton dor\u00e9 \/ r\u00e9sine&hellip;<\/p>\n","protected":false},"featured_media":348,"template":"","meta":{"spay_email":""},"_links":{"self":[{"href":"https:\/\/www.boutique.luceetcompagnie.fr\/index.php\/wp-json\/wp\/v2\/product\/388"}],"collection":[{"href":"https:\/\/www.boutique.luceetcompagnie.fr\/index.php\/wp-json\/wp\/v2\/product"}],"about":[{"href":"https:\/\/www.boutique.luceetcompagnie.fr\/index.php\/wp-json\/wp\/v2\/types\/product"}],"wp:featuredmedia":[{"embeddable":true,"href":"https:\/\/www.boutique.luceetcompagnie.fr\/index.php\/wp-json\/wp\/v2\/media\/348"}],"wp:attachment":[{"href":"https:\/\/www.boutique.luceetcompagnie.fr\/index.php\/wp-json\/wp\/v2\/media?parent=388"}],"curies":[{"name":"wp","href":"https:\/\/api.w.org\/{rel}","templated":true}]}}