{"id":390,"date":"2020-10-30T23:21:42","date_gmt":"2020-10-30T22:21:42","guid":{"rendered":"https:\/\/www.boutique.luceetcompagnie.fr\/?post_type=product&#038;p=390"},"modified":"2020-11-06T16:50:39","modified_gmt":"2020-11-06T15:50:39","slug":"boucles-doreilles-creoles-resine-rose-dore","status":"publish","type":"product","link":"https:\/\/www.boutique.luceetcompagnie.fr\/index.php\/produit\/boucles-doreilles-creoles-resine-rose-dore\/","title":{"rendered":"Boucles d\u2019oreilles cr\u00e9oles r\u00e9sine rose dor\u00e9"},"content":{"rendered":"<p>Boucles d\u2019oreilles cr\u00e9oles r\u00e9sine rose beige disque d\u00e9co dor\u00e9 perle rose<\/p>\n<p>Fabrication artisanale \u00ab\u00a0Perles and Flo\u00a0\u00bb<\/p>\n<p>Neuve et unique<\/p>\n<p>Laiton dor\u00e9\u00a0\/ r\u00e9sine<\/p>\n","protected":false},"excerpt":{"rendered":"<p>Boucles d\u2019oreilles cr\u00e9oles r\u00e9sine rose beige disque d\u00e9co dor\u00e9 perle rose Fabrication artisanale \u00ab\u00a0Perles and Flo\u00a0\u00bb Neuve et unique Laiton&hellip;<\/p>\n","protected":false},"featured_media":346,"template":"","meta":{"spay_email":""},"_links":{"self":[{"href":"https:\/\/www.boutique.luceetcompagnie.fr\/index.php\/wp-json\/wp\/v2\/product\/390"}],"collection":[{"href":"https:\/\/www.boutique.luceetcompagnie.fr\/index.php\/wp-json\/wp\/v2\/product"}],"about":[{"href":"https:\/\/www.boutique.luceetcompagnie.fr\/index.php\/wp-json\/wp\/v2\/types\/product"}],"wp:featuredmedia":[{"embeddable":true,"href":"https:\/\/www.boutique.luceetcompagnie.fr\/index.php\/wp-json\/wp\/v2\/media\/346"}],"wp:attachment":[{"href":"https:\/\/www.boutique.luceetcompagnie.fr\/index.php\/wp-json\/wp\/v2\/media?parent=390"}],"curies":[{"name":"wp","href":"https:\/\/api.w.org\/{rel}","templated":true}]}}