{"id":620,"date":"2020-10-31T14:40:50","date_gmt":"2020-10-31T13:40:50","guid":{"rendered":"https:\/\/www.boutique.luceetcompagnie.fr\/?post_type=product&#038;p=620"},"modified":"2020-11-05T22:59:12","modified_gmt":"2020-11-05T21:59:12","slug":"foulard-geometrique-bordeaux-violet","status":"publish","type":"product","link":"https:\/\/www.boutique.luceetcompagnie.fr\/index.php\/produit\/foulard-geometrique-bordeaux-violet\/","title":{"rendered":"Foulard g\u00e9om\u00e9trique bordeaux violet"},"content":{"rendered":"<p>Foulard grand format bordeaux violet noir jaune. Motifs g\u00e9om\u00e9trique\/ fleur<\/p>\n<p>Fluide, doux et agr\u00e9able !<\/p>\n","protected":false},"excerpt":{"rendered":"<p>Foulard grand format bordeaux violet noir jaune. Motifs g\u00e9om\u00e9trique\/ fleur Fluide, doux et agr\u00e9able !<\/p>\n","protected":false},"featured_media":559,"template":"","meta":{"spay_email":""},"_links":{"self":[{"href":"https:\/\/www.boutique.luceetcompagnie.fr\/index.php\/wp-json\/wp\/v2\/product\/620"}],"collection":[{"href":"https:\/\/www.boutique.luceetcompagnie.fr\/index.php\/wp-json\/wp\/v2\/product"}],"about":[{"href":"https:\/\/www.boutique.luceetcompagnie.fr\/index.php\/wp-json\/wp\/v2\/types\/product"}],"wp:featuredmedia":[{"embeddable":true,"href":"https:\/\/www.boutique.luceetcompagnie.fr\/index.php\/wp-json\/wp\/v2\/media\/559"}],"wp:attachment":[{"href":"https:\/\/www.boutique.luceetcompagnie.fr\/index.php\/wp-json\/wp\/v2\/media?parent=620"}],"curies":[{"name":"wp","href":"https:\/\/api.w.org\/{rel}","templated":true}]}}