{"id":623,"date":"2020-10-31T14:50:14","date_gmt":"2020-10-31T13:50:14","guid":{"rendered":"https:\/\/www.boutique.luceetcompagnie.fr\/?post_type=product&#038;p=623"},"modified":"2020-11-05T22:58:02","modified_gmt":"2020-11-05T21:58:02","slug":"foulard-marron-camel-fleurs-bleu-blanc","status":"publish","type":"product","link":"https:\/\/www.boutique.luceetcompagnie.fr\/index.php\/produit\/foulard-marron-camel-fleurs-bleu-blanc\/","title":{"rendered":"Foulard marron camel fleurs bleu blanc"},"content":{"rendered":"<p>Foulard marron camel \/ blanc \/ bleu nuit.\u00a0 Imprim\u00e9 petites fleurs r\u00e9tro<\/p>\n<p>Petits pompons<\/p>\n<p>Fluide, doux et agr\u00e9able !<\/p>\n","protected":false},"excerpt":{"rendered":"<p>Foulard marron camel \/ blanc \/ bleu nuit.\u00a0 Imprim\u00e9 petites fleurs r\u00e9tro Petits pompons Fluide, doux et agr\u00e9able !<\/p>\n","protected":false},"featured_media":565,"template":"","meta":{"spay_email":""},"_links":{"self":[{"href":"https:\/\/www.boutique.luceetcompagnie.fr\/index.php\/wp-json\/wp\/v2\/product\/623"}],"collection":[{"href":"https:\/\/www.boutique.luceetcompagnie.fr\/index.php\/wp-json\/wp\/v2\/product"}],"about":[{"href":"https:\/\/www.boutique.luceetcompagnie.fr\/index.php\/wp-json\/wp\/v2\/types\/product"}],"wp:featuredmedia":[{"embeddable":true,"href":"https:\/\/www.boutique.luceetcompagnie.fr\/index.php\/wp-json\/wp\/v2\/media\/565"}],"wp:attachment":[{"href":"https:\/\/www.boutique.luceetcompagnie.fr\/index.php\/wp-json\/wp\/v2\/media?parent=623"}],"curies":[{"name":"wp","href":"https:\/\/api.w.org\/{rel}","templated":true}]}}