{"id":632,"date":"2020-10-31T15:06:16","date_gmt":"2020-10-31T14:06:16","guid":{"rendered":"https:\/\/www.boutique.luceetcompagnie.fr\/?post_type=product&#038;p=632"},"modified":"2020-11-17T08:53:39","modified_gmt":"2020-11-17T07:53:39","slug":"foulard-zebre-colore-noir-rouge","status":"publish","type":"product","link":"https:\/\/www.boutique.luceetcompagnie.fr\/index.php\/produit\/foulard-zebre-colore-noir-rouge\/","title":{"rendered":"Foulard z\u00e8bre color\u00e9 noir rouge"},"content":{"rendered":"<p>Foulard z\u00e8bre \/ pois color\u00e9 noir rouge jaune &#8230;<\/p>\n<p>Pompons<\/p>\n<p>Fluide, doux et agr\u00e9able !<\/p>\n","protected":false},"excerpt":{"rendered":"<p>Foulard z\u00e8bre \/ pois color\u00e9 noir rouge jaune &#8230; Pompons Fluide, doux et agr\u00e9able !<\/p>\n","protected":false},"featured_media":586,"template":"","meta":{"spay_email":""},"_links":{"self":[{"href":"https:\/\/www.boutique.luceetcompagnie.fr\/index.php\/wp-json\/wp\/v2\/product\/632"}],"collection":[{"href":"https:\/\/www.boutique.luceetcompagnie.fr\/index.php\/wp-json\/wp\/v2\/product"}],"about":[{"href":"https:\/\/www.boutique.luceetcompagnie.fr\/index.php\/wp-json\/wp\/v2\/types\/product"}],"wp:featuredmedia":[{"embeddable":true,"href":"https:\/\/www.boutique.luceetcompagnie.fr\/index.php\/wp-json\/wp\/v2\/media\/586"}],"wp:attachment":[{"href":"https:\/\/www.boutique.luceetcompagnie.fr\/index.php\/wp-json\/wp\/v2\/media?parent=632"}],"curies":[{"name":"wp","href":"https:\/\/api.w.org\/{rel}","templated":true}]}}