{"id":637,"date":"2020-10-31T15:15:53","date_gmt":"2020-10-31T14:15:53","guid":{"rendered":"https:\/\/www.boutique.luceetcompagnie.fr\/?post_type=product&#038;p=637"},"modified":"2020-11-04T23:04:04","modified_gmt":"2020-11-04T22:04:04","slug":"foulard-kaki-motifs-geometrique-beige","status":"publish","type":"product","link":"https:\/\/www.boutique.luceetcompagnie.fr\/index.php\/produit\/foulard-kaki-motifs-geometrique-beige\/","title":{"rendered":"Foulard kaki motifs g\u00e9om\u00e9trique beige"},"content":{"rendered":"<p>Foulard kaki motifs g\u00e9om\u00e9trique beige. Petits pompons<\/p>\n<p>Fluide, doux et agr\u00e9able !<\/p>\n","protected":false},"excerpt":{"rendered":"<p>Foulard kaki motifs g\u00e9om\u00e9trique beige. Petits pompons Fluide, doux et agr\u00e9able !<\/p>\n","protected":false},"featured_media":594,"template":"","meta":{"spay_email":""},"_links":{"self":[{"href":"https:\/\/www.boutique.luceetcompagnie.fr\/index.php\/wp-json\/wp\/v2\/product\/637"}],"collection":[{"href":"https:\/\/www.boutique.luceetcompagnie.fr\/index.php\/wp-json\/wp\/v2\/product"}],"about":[{"href":"https:\/\/www.boutique.luceetcompagnie.fr\/index.php\/wp-json\/wp\/v2\/types\/product"}],"wp:featuredmedia":[{"embeddable":true,"href":"https:\/\/www.boutique.luceetcompagnie.fr\/index.php\/wp-json\/wp\/v2\/media\/594"}],"wp:attachment":[{"href":"https:\/\/www.boutique.luceetcompagnie.fr\/index.php\/wp-json\/wp\/v2\/media?parent=637"}],"curies":[{"name":"wp","href":"https:\/\/api.w.org\/{rel}","templated":true}]}}