{"id":795,"date":"2020-11-01T15:45:11","date_gmt":"2020-11-01T14:45:11","guid":{"rendered":"https:\/\/www.boutique.luceetcompagnie.fr\/?post_type=product&#038;p=795"},"modified":"2021-04-01T16:13:05","modified_gmt":"2021-04-01T14:13:05","slug":"lacets-elastiques-kaki-degrade-paillette","status":"publish","type":"product","link":"https:\/\/www.boutique.luceetcompagnie.fr\/index.php\/produit\/lacets-elastiques-kaki-degrade-paillette\/","title":{"rendered":"Lacets \u00e9lastiques kaki d\u00e9grad\u00e9 paillette"},"content":{"rendered":"<p>Lacets \u00e9lastiques fermeture magn\u00e9tique, kaki d\u00e9grad\u00e9 paillette<\/p>\n<p>Pour adultes en enfants<\/p>\n<p><span data-spm-anchor-id=\"a2g0o.detail.1000023.i3.2e5c77b2RLnMUz\"> Le kit comprend : 2 lacets (1 paire), 2 fermoirs et le tournevis avec les vis<\/span><\/p>\n","protected":false},"excerpt":{"rendered":"<p>Lacets \u00e9lastiques fermeture magn\u00e9tique, kaki d\u00e9grad\u00e9 paillette Pour adultes en enfants Le kit comprend : 2 lacets (1 paire), 2&hellip;<\/p>\n","protected":false},"featured_media":796,"template":"","meta":{"spay_email":""},"_links":{"self":[{"href":"https:\/\/www.boutique.luceetcompagnie.fr\/index.php\/wp-json\/wp\/v2\/product\/795"}],"collection":[{"href":"https:\/\/www.boutique.luceetcompagnie.fr\/index.php\/wp-json\/wp\/v2\/product"}],"about":[{"href":"https:\/\/www.boutique.luceetcompagnie.fr\/index.php\/wp-json\/wp\/v2\/types\/product"}],"wp:featuredmedia":[{"embeddable":true,"href":"https:\/\/www.boutique.luceetcompagnie.fr\/index.php\/wp-json\/wp\/v2\/media\/796"}],"wp:attachment":[{"href":"https:\/\/www.boutique.luceetcompagnie.fr\/index.php\/wp-json\/wp\/v2\/media?parent=795"}],"curies":[{"name":"wp","href":"https:\/\/api.w.org\/{rel}","templated":true}]}}