{"id":803,"date":"2020-11-01T16:05:11","date_gmt":"2020-11-01T15:05:11","guid":{"rendered":"https:\/\/www.boutique.luceetcompagnie.fr\/?post_type=product&#038;p=803"},"modified":"2020-11-04T22:51:42","modified_gmt":"2020-11-04T21:51:42","slug":"lacets-elastiques-violet-paillette","status":"publish","type":"product","link":"https:\/\/www.boutique.luceetcompagnie.fr\/index.php\/produit\/lacets-elastiques-violet-paillette\/","title":{"rendered":"Lacets \u00e9lastiques violet paillette"},"content":{"rendered":"<p>Lacets \u00e9lastiques fermeture magn\u00e9tique, violet paillette<\/p>\n<p>Pour adultes en enfants<\/p>\n<p><span data-spm-anchor-id=\"a2g0o.detail.1000023.i3.2e5c77b2RLnMUz\"> Le kit comprend : 2 lacets (1 paire), 2 fermoirs et le tournevis avec les vis<\/span><\/p>\n","protected":false},"excerpt":{"rendered":"<p>Lacets \u00e9lastiques fermeture magn\u00e9tique, violet paillette Pour adultes en enfants Le kit comprend : 2 lacets (1 paire), 2 fermoirs&hellip;<\/p>\n","protected":false},"featured_media":773,"template":"","meta":{"spay_email":""},"_links":{"self":[{"href":"https:\/\/www.boutique.luceetcompagnie.fr\/index.php\/wp-json\/wp\/v2\/product\/803"}],"collection":[{"href":"https:\/\/www.boutique.luceetcompagnie.fr\/index.php\/wp-json\/wp\/v2\/product"}],"about":[{"href":"https:\/\/www.boutique.luceetcompagnie.fr\/index.php\/wp-json\/wp\/v2\/types\/product"}],"wp:featuredmedia":[{"embeddable":true,"href":"https:\/\/www.boutique.luceetcompagnie.fr\/index.php\/wp-json\/wp\/v2\/media\/773"}],"wp:attachment":[{"href":"https:\/\/www.boutique.luceetcompagnie.fr\/index.php\/wp-json\/wp\/v2\/media?parent=803"}],"curies":[{"name":"wp","href":"https:\/\/api.w.org\/{rel}","templated":true}]}}