{"id":806,"date":"2020-11-01T16:09:36","date_gmt":"2020-11-01T15:09:36","guid":{"rendered":"https:\/\/www.boutique.luceetcompagnie.fr\/?post_type=product&#038;p=806"},"modified":"2020-11-04T22:50:51","modified_gmt":"2020-11-04T21:50:51","slug":"lacets-elastiques-dore-paillette","status":"publish","type":"product","link":"https:\/\/www.boutique.luceetcompagnie.fr\/index.php\/produit\/lacets-elastiques-dore-paillette\/","title":{"rendered":"Lacets \u00e9lastiques dor\u00e9 paillette"},"content":{"rendered":"<p>Lacets \u00e9lastiques fermeture magn\u00e9tique, dor\u00e9 paillette<\/p>\n<p>Pour adultes en enfants<\/p>\n<p>Le kit comprend : 2 lacets (1 paire), 2 fermoirs et le tournevis avec les vis<\/p>\n","protected":false},"excerpt":{"rendered":"<p>Lacets \u00e9lastiques fermeture magn\u00e9tique, dor\u00e9 paillette Pour adultes en enfants Le kit comprend : 2 lacets (1 paire), 2 fermoirs&hellip;<\/p>\n","protected":false},"featured_media":776,"template":"","meta":{"spay_email":""},"_links":{"self":[{"href":"https:\/\/www.boutique.luceetcompagnie.fr\/index.php\/wp-json\/wp\/v2\/product\/806"}],"collection":[{"href":"https:\/\/www.boutique.luceetcompagnie.fr\/index.php\/wp-json\/wp\/v2\/product"}],"about":[{"href":"https:\/\/www.boutique.luceetcompagnie.fr\/index.php\/wp-json\/wp\/v2\/types\/product"}],"wp:featuredmedia":[{"embeddable":true,"href":"https:\/\/www.boutique.luceetcompagnie.fr\/index.php\/wp-json\/wp\/v2\/media\/776"}],"wp:attachment":[{"href":"https:\/\/www.boutique.luceetcompagnie.fr\/index.php\/wp-json\/wp\/v2\/media?parent=806"}],"curies":[{"name":"wp","href":"https:\/\/api.w.org\/{rel}","templated":true}]}}