{"id":837,"date":"2020-11-01T22:33:39","date_gmt":"2020-11-01T21:33:39","guid":{"rendered":"https:\/\/www.boutique.luceetcompagnie.fr\/?post_type=product&#038;p=837"},"modified":"2020-11-09T09:05:13","modified_gmt":"2020-11-09T08:05:13","slug":"boucles-doreilles-chat","status":"publish","type":"product","link":"https:\/\/www.boutique.luceetcompagnie.fr\/index.php\/produit\/boucles-doreilles-chat\/","title":{"rendered":"Boucles d\u2019oreilles chat"},"content":{"rendered":"<p>Boucles d\u2019oreilles t\u00eate de chat.<\/p>\n<p>Fabrication artisanale \u00ab Perles and Flo \u00bb<\/p>\n<p>Neuve et unique et tr\u00e8s l\u00e9g\u00e8re<\/p>\n<p>R\u00e9sine<\/p>\n","protected":false},"excerpt":{"rendered":"<p>Boucles d\u2019oreilles t\u00eate de chat. Fabrication artisanale \u00ab Perles and Flo \u00bb Neuve et unique et tr\u00e8s l\u00e9g\u00e8re R\u00e9sine<\/p>\n","protected":false},"featured_media":835,"template":"","meta":{"spay_email":""},"_links":{"self":[{"href":"https:\/\/www.boutique.luceetcompagnie.fr\/index.php\/wp-json\/wp\/v2\/product\/837"}],"collection":[{"href":"https:\/\/www.boutique.luceetcompagnie.fr\/index.php\/wp-json\/wp\/v2\/product"}],"about":[{"href":"https:\/\/www.boutique.luceetcompagnie.fr\/index.php\/wp-json\/wp\/v2\/types\/product"}],"wp:featuredmedia":[{"embeddable":true,"href":"https:\/\/www.boutique.luceetcompagnie.fr\/index.php\/wp-json\/wp\/v2\/media\/835"}],"wp:attachment":[{"href":"https:\/\/www.boutique.luceetcompagnie.fr\/index.php\/wp-json\/wp\/v2\/media?parent=837"}],"curies":[{"name":"wp","href":"https:\/\/api.w.org\/{rel}","templated":true}]}}