{"id":842,"date":"2020-11-01T22:51:18","date_gmt":"2020-11-01T21:51:18","guid":{"rendered":"https:\/\/www.boutique.luceetcompagnie.fr\/?post_type=product&#038;p=842"},"modified":"2020-11-09T09:05:06","modified_gmt":"2020-11-09T08:05:06","slug":"boucles-doreilles-puce-spirale-dore-fleur-orange","status":"publish","type":"product","link":"https:\/\/www.boutique.luceetcompagnie.fr\/index.php\/produit\/boucles-doreilles-puce-spirale-dore-fleur-orange\/","title":{"rendered":"Boucles d\u2019oreilles puce spirale dor\u00e9 fleur orange"},"content":{"rendered":"<p>Boucles d\u2019oreilles puce spirale dor\u00e9, disque r\u00e9sine blanc fleur orange bleu<\/p>\n<p>Fabrication artisanale \u00ab Perles and Flo \u00bb<\/p>\n<p>Neuve et unique et tr\u00e8s l\u00e9g\u00e8re<\/p>\n<p>Laiton dor\u00e9 \/ r\u00e9sine<\/p>\n","protected":false},"excerpt":{"rendered":"<p>Boucles d\u2019oreilles puce spirale dor\u00e9, disque r\u00e9sine blanc fleur orange bleu Fabrication artisanale \u00ab Perles and Flo \u00bb Neuve et&hellip;<\/p>\n","protected":false},"featured_media":830,"template":"","meta":{"spay_email":""},"_links":{"self":[{"href":"https:\/\/www.boutique.luceetcompagnie.fr\/index.php\/wp-json\/wp\/v2\/product\/842"}],"collection":[{"href":"https:\/\/www.boutique.luceetcompagnie.fr\/index.php\/wp-json\/wp\/v2\/product"}],"about":[{"href":"https:\/\/www.boutique.luceetcompagnie.fr\/index.php\/wp-json\/wp\/v2\/types\/product"}],"wp:featuredmedia":[{"embeddable":true,"href":"https:\/\/www.boutique.luceetcompagnie.fr\/index.php\/wp-json\/wp\/v2\/media\/830"}],"wp:attachment":[{"href":"https:\/\/www.boutique.luceetcompagnie.fr\/index.php\/wp-json\/wp\/v2\/media?parent=842"}],"curies":[{"name":"wp","href":"https:\/\/api.w.org\/{rel}","templated":true}]}}