{"id":997,"date":"2020-11-02T23:28:01","date_gmt":"2020-11-02T22:28:01","guid":{"rendered":"https:\/\/www.boutique.luceetcompagnie.fr\/?post_type=product&#038;p=997"},"modified":"2020-11-28T20:39:25","modified_gmt":"2020-11-28T19:39:25","slug":"besace-noir-le-temps-des-cerises","status":"publish","type":"product","link":"https:\/\/www.boutique.luceetcompagnie.fr\/index.php\/produit\/besace-noir-le-temps-des-cerises\/","title":{"rendered":"Besace noir Le temps des Cerises"},"content":{"rendered":"<p>Simili cuir \u00a0 \u00ab\u00a0Le temps des Cerises\u00a0\u00bb<\/p>\n<p>Bon \u00e9tat<\/p>\n<p>(Article d\u00e9pos\u00e9 \u00e0 la boutique)<\/p>\n","protected":false},"excerpt":{"rendered":"<p>Simili cuir \u00a0 \u00ab\u00a0Le temps des Cerises\u00a0\u00bb Bon \u00e9tat (Article d\u00e9pos\u00e9 \u00e0 la boutique)<\/p>\n","protected":false},"featured_media":964,"template":"","meta":{"spay_email":""},"_links":{"self":[{"href":"https:\/\/www.boutique.luceetcompagnie.fr\/index.php\/wp-json\/wp\/v2\/product\/997"}],"collection":[{"href":"https:\/\/www.boutique.luceetcompagnie.fr\/index.php\/wp-json\/wp\/v2\/product"}],"about":[{"href":"https:\/\/www.boutique.luceetcompagnie.fr\/index.php\/wp-json\/wp\/v2\/types\/product"}],"wp:featuredmedia":[{"embeddable":true,"href":"https:\/\/www.boutique.luceetcompagnie.fr\/index.php\/wp-json\/wp\/v2\/media\/964"}],"wp:attachment":[{"href":"https:\/\/www.boutique.luceetcompagnie.fr\/index.php\/wp-json\/wp\/v2\/media?parent=997"}],"curies":[{"name":"wp","href":"https:\/\/api.w.org\/{rel}","templated":true}]}}